{"id":2377,"date":"2024-02-27T10:24:16","date_gmt":"2024-02-27T13:24:16","guid":{"rendered":"https:\/\/colegioatrio.com.br\/?page_id=2377"},"modified":"2024-02-27T10:32:53","modified_gmt":"2024-02-27T13:32:53","slug":"politica-privacidade","status":"publish","type":"page","link":"https:\/\/colegioatrio.com.br\/index.php\/politica-privacidade\/","title":{"rendered":"Pol\u00edtica de privacidade"},"content":{"rendered":"\t\t<div data-elementor-type=\"wp-page\" data-elementor-id=\"2377\" class=\"elementor elementor-2377\" data-elementor-post-type=\"page\">\n\t\t\t\t\t\t\t\t\t<section class=\"elementor-section elementor-top-section elementor-element elementor-element-bcf59eb elementor-section-height-min-height elementor-section-boxed elementor-section-height-default elementor-section-items-middle\" data-id=\"bcf59eb\" data-element_type=\"section\" data-settings=\"{&quot;background_background&quot;:&quot;classic&quot;}\">\n\t\t\t\t\t\t<div class=\"elementor-container elementor-column-gap-default\">\n\t\t\t\t\t<div class=\"elementor-column elementor-col-100 elementor-top-column elementor-element elementor-element-96ea55e\" data-id=\"96ea55e\" data-element_type=\"column\">\n\t\t\t<div class=\"elementor-widget-wrap elementor-element-populated\">\n\t\t\t\t\t\t\t\t<div class=\"elementor-element elementor-element-41b14ad elementor-widget elementor-widget-spacer\" data-id=\"41b14ad\" data-element_type=\"widget\" data-widget_type=\"spacer.default\">\n\t\t\t\t<div class=\"elementor-widget-container\">\n\t\t\t<style>\/*! elementor - v3.16.0 - 20-09-2023 *\/\n.elementor-column .elementor-spacer-inner{height:var(--spacer-size)}.e-con{--container-widget-width:100%}.e-con-inner>.elementor-widget-spacer,.e-con>.elementor-widget-spacer{width:var(--container-widget-width,var(--spacer-size));--align-self:var(--container-widget-align-self,initial);--flex-shrink:0}.e-con-inner>.elementor-widget-spacer>.elementor-widget-container,.e-con>.elementor-widget-spacer>.elementor-widget-container{height:100%;width:100%}.e-con-inner>.elementor-widget-spacer>.elementor-widget-container>.elementor-spacer,.e-con>.elementor-widget-spacer>.elementor-widget-container>.elementor-spacer{height:100%}.e-con-inner>.elementor-widget-spacer>.elementor-widget-container>.elementor-spacer>.elementor-spacer-inner,.e-con>.elementor-widget-spacer>.elementor-widget-container>.elementor-spacer>.elementor-spacer-inner{height:var(--container-widget-height,var(--spacer-size))}.e-con-inner>.elementor-widget-spacer.elementor-widget-empty,.e-con>.elementor-widget-spacer.elementor-widget-empty{position:relative;min-height:22px;min-width:22px}.e-con-inner>.elementor-widget-spacer.elementor-widget-empty .elementor-widget-empty-icon,.e-con>.elementor-widget-spacer.elementor-widget-empty .elementor-widget-empty-icon{position:absolute;top:0;bottom:0;left:0;right:0;margin:auto;padding:0;width:22px;height:22px}<\/style>\t\t<div class=\"elementor-spacer\">\n\t\t\t<div class=\"elementor-spacer-inner\"><\/div>\n\t\t<\/div>\n\t\t\t\t<\/div>\n\t\t\t\t<\/div>\n\t\t\t\t<div class=\"elementor-element elementor-element-0d7d21b elementor-widget elementor-widget-spacer\" data-id=\"0d7d21b\" data-element_type=\"widget\" data-widget_type=\"spacer.default\">\n\t\t\t\t<div class=\"elementor-widget-container\">\n\t\t\t\t\t<div class=\"elementor-spacer\">\n\t\t\t<div class=\"elementor-spacer-inner\"><\/div>\n\t\t<\/div>\n\t\t\t\t<\/div>\n\t\t\t\t<\/div>\n\t\t\t\t<div class=\"elementor-element elementor-element-af1c22d elementor-widget elementor-widget-heading\" data-id=\"af1c22d\" data-element_type=\"widget\" data-widget_type=\"heading.default\">\n\t\t\t\t<div class=\"elementor-widget-container\">\n\t\t\t<style>\/*! elementor - v3.16.0 - 20-09-2023 *\/\n.elementor-heading-title{padding:0;margin:0;line-height:1}.elementor-widget-heading .elementor-heading-title[class*=elementor-size-]>a{color:inherit;font-size:inherit;line-height:inherit}.elementor-widget-heading .elementor-heading-title.elementor-size-small{font-size:15px}.elementor-widget-heading .elementor-heading-title.elementor-size-medium{font-size:19px}.elementor-widget-heading .elementor-heading-title.elementor-size-large{font-size:29px}.elementor-widget-heading .elementor-heading-title.elementor-size-xl{font-size:39px}.elementor-widget-heading .elementor-heading-title.elementor-size-xxl{font-size:59px}<\/style><h2 class=\"elementor-heading-title elementor-size-default\">Pol\u00edtica de <span class=\"cor\">PRIVACIDADE<\/span><\/h2>\t\t<\/div>\n\t\t\t\t<\/div>\n\t\t\t\t<div class=\"elementor-element elementor-element-b2d34c6 elementor-widget elementor-widget-text-editor\" data-id=\"b2d34c6\" data-element_type=\"widget\" data-widget_type=\"text-editor.default\">\n\t\t\t\t<div class=\"elementor-widget-container\">\n\t\t\t<style>\/*! elementor - v3.16.0 - 20-09-2023 *\/\n.elementor-widget-text-editor.elementor-drop-cap-view-stacked .elementor-drop-cap{background-color:#69727d;color:#fff}.elementor-widget-text-editor.elementor-drop-cap-view-framed .elementor-drop-cap{color:#69727d;border:3px solid;background-color:transparent}.elementor-widget-text-editor:not(.elementor-drop-cap-view-default) .elementor-drop-cap{margin-top:8px}.elementor-widget-text-editor:not(.elementor-drop-cap-view-default) .elementor-drop-cap-letter{width:1em;height:1em}.elementor-widget-text-editor .elementor-drop-cap{float:left;text-align:center;line-height:1;font-size:50px}.elementor-widget-text-editor .elementor-drop-cap-letter{display:inline-block}<\/style>\t\t\t\t<div class=\"elementor elementor-1396\" data-elementor-type=\"wp-page\" data-elementor-id=\"1396\" data-elementor-post-type=\"page\"><section class=\"elementor-section elementor-top-section elementor-element elementor-element-060037b elementor-section-boxed elementor-section-height-default elementor-section-height-default\" data-id=\"060037b\" data-element_type=\"section\"><div class=\"elementor-container elementor-column-gap-default\"><div class=\"elementor-column elementor-col-100 elementor-top-column elementor-element elementor-element-614b9d8\" data-id=\"614b9d8\" data-element_type=\"column\"><div class=\"elementor-widget-wrap elementor-element-populated\"><div class=\"elementor-element elementor-element-779710e elementor-widget elementor-widget-heading\" data-id=\"779710e\" data-element_type=\"widget\" data-widget_type=\"heading.default\"><div class=\"elementor-widget-container\"><span style=\"color: #ffffff; font-family: var( --e-global-typography-primary-font-family ), Sans-serif; font-style: inherit; font-weight: var( --e-global-typography-primary-font-weight );\">A presente Pol\u00edtica de Privacidade cont\u00e9m informa\u00e7\u00f5es sobre coleta, uso, armazenamento, tratamento e prote\u00e7\u00e3o dos dados pessoais dos usu\u00e1rios e visitantes do site da empresa Col\u00e9gio \u00c1trio, com a finalidade de demonstrar absoluta transpar\u00eancia quanto ao assunto e esclarecer a todos interessados sobre os tipos de dados que s\u00e3o coletados, os motivos da coleta e a forma como os usu\u00e1rios podem gerenciar ou excluir as suas informa\u00e7\u00f5es pessoais.<\/span><\/div><\/div><\/div><\/div><\/div><\/section><section class=\"elementor-section elementor-top-section elementor-element elementor-element-3f4f8f3 elementor-section-boxed elementor-section-height-default elementor-section-height-default\" data-id=\"3f4f8f3\" data-element_type=\"section\"><div class=\"elementor-container elementor-column-gap-default\"><div class=\"elementor-column elementor-col-100 elementor-top-column elementor-element elementor-element-a9d9d20\" data-id=\"a9d9d20\" data-element_type=\"column\"><div class=\"elementor-widget-wrap elementor-element-populated\"><div class=\"elementor-element elementor-element-44af748 elementor-widget elementor-widget-shortcode\" data-id=\"44af748\" data-element_type=\"widget\" data-widget_type=\"shortcode.default\"><div class=\"elementor-widget-container\"><div class=\"elementor-shortcode\"><div class=\"leitura\"><p><span style=\"color: #ffffff;\">O presente documento foi elaborado em conformidade com a Lei Geral de Prote\u00e7\u00e3o de Dados Pessoais (Lei 13.709\/18), o Marco Civil da Internet (Lei 12.965\/14) (e o Regulamento da UE n. 2016\/6790). Ainda, o documento poder\u00e1 ser atualizado em decorr\u00eancia de eventual atualiza\u00e7\u00e3o normativa, raz\u00e3o pela qual se convida o usu\u00e1rio a consultar periodicamente esta se\u00e7\u00e3o.<\/span><\/p><p><span style=\"color: #ffffff;\">2 \u2013 SOBRE OS DADOS COLETADOS<\/span><\/p><p><span style=\"color: #ffffff;\">2.1 \u2013 DADOS PESSOAIS FORNECIDOS PELO USU\u00c1RIO<\/span><\/p><p><span style=\"color: #ffffff;\">Os dados pessoais podem ser coletados diretamente por simples disponibiliza\u00e7\u00e3o a um funcion\u00e1rio do(a) Col\u00e9gio \u00c1trio quando do preenchimento de cadastro ou acordos comerciais, bem, como mediante a intera\u00e7\u00e3o em nossas plataformas.<\/span><\/p><p><span style=\"color: #ffffff;\">2.2 \u2013 QUAIS DADOS S\u00c3O COLETADOS<\/span><\/p><p><span style=\"color: #ffffff;\">O(a) Col\u00e9gio \u00c1trio coleta informa\u00e7\u00f5es de modo autom\u00e1tico em suas plataformas de intera\u00e7\u00e3o com o Usu\u00e1rio, tais como: Nome Completo, CPF, E-mail e Telefone; estado civil, local de nascimento, documentos de identifica\u00e7\u00e3o e CPF, nome da m\u00e3e e pai, informa\u00e7\u00f5es sobre c\u00f4njuge, endere\u00e7o, dados banc\u00e1rios, dados de contrato; dados banc\u00e1rio; informa\u00e7\u00f5es de renda; endere\u00e7o de IP e Cookies.<\/span><\/p><p><span style=\"color: #ffffff;\">3 \u2013 PARA QUE FINALIDADES UTILIZAMOS OS DADOS PESSOAIS DO USU\u00c1RIO E VISITANTE?<\/span><\/p><p><span style=\"color: #ffffff;\">Os dados pessoais tratados pelo(a) Col\u00e9gio \u00c1trio t\u00eam como principais finalidades a possibilidade do Usu\u00e1rio conhecer a oferta de produtos e servi\u00e7os Col\u00e9gio \u00c1trio, o fornecimento de informa\u00e7\u00f5es via formul\u00e1rio de contato ou pelo corretor online, identificar os Usu\u00e1rios que navegam no site e manter os dados de Usu\u00e1rios atualizados.<\/span><\/p><p><span style=\"color: #ffffff;\">Os dados poder\u00e3o ser utilizados:<\/span><\/p><p><span style=\"color: #ffffff;\">Bem-estar do usu\u00e1rio e visitante: aprimorar o produto e\/ou servi\u00e7o oferecido, facilitar, agilizar e cumprir os compromissos estabelecidos entre o usu\u00e1rio e a empresa, melhorar a experi\u00eancia dos usu\u00e1rios e fornecer funcionalidades espec\u00edficas a depender das caracter\u00edsticas b\u00e1sicas do usu\u00e1rio.<\/span><\/p><p><span style=\"color: #ffffff;\">Melhorias da plataforma: compreender como o usu\u00e1rio utiliza os servi\u00e7os da plataforma, para ajudar no desenvolvimento de neg\u00f3cios e t\u00e9cnicas.<\/span><\/p><p><span style=\"color: #ffffff;\">An\u00fancios: apresentar an\u00fancios personalizados para o usu\u00e1rio com base nos dados fornecidos.<\/span><\/p><p><span style=\"color: #ffffff;\">Comercial: os dados s\u00e3o usados para personalizar o conte\u00fado oferecido e gerar subs\u00eddio \u00e0 plataforma para a melhora da qualidade no funcionamento dos servi\u00e7os.<\/span><\/p><p><span style=\"color: #ffffff;\">Previs\u00e3o do perfil do usu\u00e1rio: tratamento automatizados de dados pessoais para avaliar o uso na plataforma.<\/span><\/p><p><span style=\"color: #ffffff;\">Dados de cadastro: para permitir o acesso do usu\u00e1rio a determinados conte\u00fados da plataforma, exclusivo para usu\u00e1rios cadastrados<\/span><\/p><p><span style=\"color: #ffffff;\">Dados de contrato: conferir \u00e0s partes seguran\u00e7a jur\u00eddica e facilitar a conclus\u00e3o do neg\u00f3cio.<\/span><\/p><p><span style=\"color: #ffffff;\">Outras<\/span><\/p><p><span style=\"color: #ffffff;\">Em alguns casos, poder\u00e1 tratar seus dados pessoais quando necess\u00e1rios para o cumprimento de obriga\u00e7\u00e3o legal ou exerc\u00edcio regular de direitos em processo judicial, administrativo ou arbitral.<\/span><\/p><p><span style=\"color: #ffffff;\">Al\u00e9m disso, tamb\u00e9m poder\u00e1 tratar dados pessoais com base em seu interesse leg\u00edtimo, sempre no limite de sua expectativa, e nunca em preju\u00edzo de seus interesses, direitos e liberdades fundamentais.<\/span><\/p><p><span style=\"color: #ffffff;\">4 \u2013 COM QUEM OS DADOS S\u00c3O COMPARTILHADOS<\/span><\/p><p><span style=\"color: #ffffff;\">Com autoridades judiciais, administrativas ou governamentais competentes, sempre que houver determina\u00e7\u00e3o legal, requerimento, requisi\u00e7\u00e3o ou ordem judicial;<\/span><\/p><p><span style=\"color: #ffffff;\">Com institui\u00e7\u00f5es respons\u00e1veis por cobrar o cr\u00e9dito decorrente da aquisi\u00e7\u00e3o da(s) unidade(s) imobili\u00e1ria(s) que voc\u00ea adquiriu;<\/span><\/p><p><span style=\"color: #ffffff;\">Com o corretor de im\u00f3veis, quando a compra for intermediada;<\/span><\/p><p><span style=\"color: #ffffff;\">Institui\u00e7\u00f5es financeiras de financiamento de im\u00f3vel;<\/span><\/p><p><span style=\"color: #ffffff;\">Com a administradora do condom\u00ednio, que prestar\u00e1 os servi\u00e7os de gest\u00e3o e administra\u00e7\u00e3o do empreendimento; e<\/span><\/p><p><span style=\"color: #ffffff;\">De forma autom\u00e1tica, em caso de movimenta\u00e7\u00f5es societ\u00e1rias, como fus\u00e3o, aquisi\u00e7\u00e3o e incorpora\u00e7\u00e3o.<\/span><\/p><p><span style=\"color: #ffffff;\">Securitiza\u00e7\u00e3o de receb\u00edveis<\/span><\/p><p><span style=\"color: #ffffff;\">5 \u2013 POR QUANTO TEMPO OS DADOS PESSOAIS FICAM ARMAZENADOS?<\/span><\/p><p><span style=\"color: #ffffff;\">Os dados pessoais do usu\u00e1rio e visitante s\u00e3o armazenados pela plataforma durante o per\u00edodo necess\u00e1rio para a presta\u00e7\u00e3o do servi\u00e7o ou o cumprimento das finalidades previstas no presente documento, conforme o disposto no inciso I do artigo 15 da Lei 13.709\/18.<\/span><\/p><p><span style=\"color: #ffffff;\">Os dados podem ser removidos ou anonimizados a pedido do usu\u00e1rio, excetuando os casos em que a lei oferecer outro tratamento.<\/span><\/p><p><span style=\"color: #ffffff;\">Ainda, os dados pessoais dos usu\u00e1rios apenas podem ser conservados ap\u00f3s o t\u00e9rmino de seu tratamento nas seguintes hip\u00f3teses previstas no artigo 16 da referida lei:<\/span><\/p><p><span style=\"color: #ffffff;\">I \u2013 cumprimento de obriga\u00e7\u00e3o legal ou regulat\u00f3ria pelo controlador;<\/span><\/p><p><span style=\"color: #ffffff;\">II \u2013 estudo por \u00f3rg\u00e3o de pesquisa, garantida, sempre que poss\u00edvel, a anonimiza\u00e7\u00e3o dos dados pessoais;<\/span><\/p><p><span style=\"color: #ffffff;\">III \u2013 transfer\u00eancia a terceiro, desde que respeitados os requisitos de tratamento de dados dispostos nesta Lei;<\/span><\/p><p><span style=\"color: #ffffff;\">IV \u2013 uso exclusivo do controlador, vedado seu acesso por terceiro, e desde que anonimizados os dados.<\/span><\/p><p><span style=\"color: #ffffff;\">6 \u2013 SEGURAN\u00c7A DOS DADOS PESSOAIS ARMAZENADOS<\/span><\/p><p><span style=\"color: #ffffff;\">O(a) Col\u00e9gio \u00c1trio se compromete a aplicar as medidas t\u00e9cnicas e organizativas aptas a proteger os dados pessoais de acessos n\u00e3o autorizados e de situa\u00e7\u00f5es de destrui\u00e7\u00e3o, perda, altera\u00e7\u00e3o, comunica\u00e7\u00e3o ou difus\u00e3o de tais dados.<\/span><\/p><p><span style=\"color: #ffffff;\">O(a) Col\u00e9gio \u00c1trio n\u00e3o se exime de responsabilidade por culpa exclusiva de terceiro, como em caso de ataque de hackers ou crackers, ou culpa exclusiva do usu\u00e1rio, como no caso em que ele mesmo transfere seus dados a terceiros, comprometendo-se a comunicar o usu\u00e1rio em caso de alguma viola\u00e7\u00e3o de seguran\u00e7a dos seus dados pessoais.<\/span><\/p><p><span style=\"color: #ffffff;\">Os dados pessoais armazenados s\u00e3o tratados com confidencialidade, dentro dos limites legais. No entanto, podemos divulgar suas informa\u00e7\u00f5es pessoais caso sejamos obrigados pela lei para faz\u00ea-lo ou se voc\u00ea violar nossos Termos de Servi\u00e7o.<\/span><\/p><p><span style=\"color: #ffffff;\">7 \u2013 COOKIES OU DADOS DE NAVEGA\u00c7\u00c3O<\/span><\/p><p><span style=\"color: #ffffff;\">Os cookies referem-se a arquivos de texto enviados pela plataforma ao computador do usu\u00e1rio e visitante e que nele ficam armazenados, com informa\u00e7\u00f5es relacionadas \u00e0 navega\u00e7\u00e3o no site.<\/span><\/p><p><span style=\"color: #ffffff;\">Tais informa\u00e7\u00f5es s\u00e3o relacionadas aos dados de acesso como local e hor\u00e1rio de acesso e s\u00e3o armazenadas pelo navegador do usu\u00e1rio e visitante para que o servidor da plataforma possa l\u00ea-las posteriormente a fim de personalizar os servi\u00e7os da plataforma.<\/span><\/p><p><span style=\"color: #ffffff;\">O usu\u00e1rio e o visitante do site manifesta conhecer e aceitar que pode ser utilizado um sistema de coleta de dados de navega\u00e7\u00e3o mediante \u00e0 utiliza\u00e7\u00e3o de cookies.<\/span><\/p><p><span style=\"color: #ffffff;\">O cookie persistente permanece no disco r\u00edgido do usu\u00e1rio e visitante depois que o navegador \u00e9 fechado e ser\u00e1 usado pelo navegador em visitas subsequentes ao site. Os cookies persistentes podem ser removidos seguindo as instru\u00e7\u00f5es do seu navegador. J\u00e1 o cookie de sess\u00e3o \u00e9 tempor\u00e1rio e desaparece depois que o navegador \u00e9 fechado. \u00c9 poss\u00edvel redefinir seu navegador da web para recusar todos os cookies, por\u00e9m alguns recursos da plataforma podem n\u00e3o funcionar corretamente se a capacidade de aceitar cookies estiver desabilitada.<\/span><\/p><p><span style=\"color: #ffffff;\">8 \u2013 CONSENTIMENTO<\/span><\/p><p><span style=\"color: #ffffff;\">Ao utilizar os servi\u00e7os e fornecer as informa\u00e7\u00f5es pessoais na plataforma, o usu\u00e1rio est\u00e1 consentindo com a presente Pol\u00edtica de Privacidade.<\/span><\/p><p><span style=\"color: #ffffff;\">O usu\u00e1rio, ao cadastrar-se, manifesta conhecer e pode exercitar seus direitos de cancelar seu cadastro, acessar e atualizar seus dados pessoais e garante a veracidade das informa\u00e7\u00f5es por ele disponibilizadas.<\/span><\/p><p><span style=\"color: #ffffff;\">O usu\u00e1rio tem direito de retirar o seu consentimento a qualquer tempo, para tanto deve entrar em contato com nosso escrit\u00f3rio.<\/span><\/p><p><span style=\"color: #ffffff;\">9 \u2013 ALTERA\u00c7\u00d5ES PARA ESSA POL\u00cdTICA DE PRIVACIDADE<\/span><\/p><p><span style=\"color: #ffffff;\">Reservamos o direito de modificar essa Pol\u00edtica de Privacidade a qualquer momento, ent\u00e3o, \u00e9 recomend\u00e1vel que o usu\u00e1rio e visitante revise-a com frequ\u00eancia.<\/span><\/p><p><span style=\"color: #ffffff;\">As altera\u00e7\u00f5es e esclarecimentos v\u00e3o surtir efeito imediatamente ap\u00f3s sua publica\u00e7\u00e3o na plataforma. Quando realizadas altera\u00e7\u00f5es os usu\u00e1rios ser\u00e3o notificados. Ao utilizar o servi\u00e7o ou fornecer informa\u00e7\u00f5es pessoais ap\u00f3s eventuais modifica\u00e7\u00f5es, o usu\u00e1rio e visitante demonstra sua concord\u00e2ncia com as novas normas.<\/span><\/p><p><span style=\"color: #ffffff;\">Diante da fus\u00e3o ou venda da plataforma \u00e0 outra empresa os dados dos usu\u00e1rios podem ser transferidas para os novos propriet\u00e1rios para que a perman\u00eancia dos servi\u00e7os oferecidos.<\/span><\/p><p><span style=\"color: #ffffff;\">10 \u2013 JURISDI\u00c7\u00c3O PARA RESOLU\u00c7\u00c3O DE CONFLITOS<\/span><\/p><p><span style=\"color: #ffffff;\">Para a solu\u00e7\u00e3o de controv\u00e9rsias decorrentes do presente instrumento ser\u00e1 aplicado integralmente o Direito brasileiro.<\/span><\/p><p><span style=\"color: #ffffff;\">Os eventuais lit\u00edgios dever\u00e3o ser apresentados no foro da comarca em que se encontra a sede da empresa.<\/span><\/p><\/div><\/div><\/div><\/div><\/div><\/div><\/div><\/section><\/div>\t\t\t\t\t\t<\/div>\n\t\t\t\t<\/div>\n\t\t\t\t\t<\/div>\n\t\t<\/div>\n\t\t\t\t\t\t\t<\/div>\n\t\t<\/section>\n\t\t\t\t\t\t\t<\/div>\n\t\t","protected":false},"excerpt":{"rendered":"<p>Pol\u00edtica de PRIVACIDADE A presente Pol\u00edtica de Privacidade cont\u00e9m informa\u00e7\u00f5es sobre coleta, uso, armazenamento, tratamento e prote\u00e7\u00e3o dos dados pessoais dos usu\u00e1rios e visitantes do site da empresa Col\u00e9gio \u00c1trio, com a finalidade de demonstrar absoluta transpar\u00eancia quanto ao assunto e esclarecer a todos interessados sobre os tipos de dados que s\u00e3o coletados, os motivos &hellip;<\/p>\n<p class=\"read-more\"> <a class=\"\" href=\"https:\/\/colegioatrio.com.br\/index.php\/politica-privacidade\/\"> <span class=\"screen-reader-text\">Pol\u00edtica de privacidade<\/span> Leia mais &raquo;<\/a><\/p>\n","protected":false},"author":123457,"featured_media":0,"parent":0,"menu_order":0,"comment_status":"closed","ping_status":"closed","template":"elementor_header_footer","meta":{"om_disable_all_campaigns":false,"_monsterinsights_skip_tracking":false,"_monsterinsights_sitenote_active":false,"_monsterinsights_sitenote_note":"","_monsterinsights_sitenote_category":0,"_uf_show_specific_survey":0,"_uf_disable_surveys":false,"site-sidebar-layout":"no-sidebar","site-content-layout":"","ast-site-content-layout":"full-width-container","site-content-style":"default","site-sidebar-style":"default","ast-global-header-display":"","ast-banner-title-visibility":"","ast-main-header-display":"","ast-hfb-above-header-display":"","ast-hfb-below-header-display":"","ast-hfb-mobile-header-display":"","site-post-title":"disabled","ast-breadcrumbs-content":"","ast-featured-img":"disabled","footer-sml-layout":"","theme-transparent-header-meta":"","adv-header-id-meta":"","stick-header-meta":"","header-above-stick-meta":"","header-main-stick-meta":"","header-below-stick-meta":"","astra-migrate-meta-layouts":"","footnotes":""},"aioseo_notices":[],"_links":{"self":[{"href":"https:\/\/colegioatrio.com.br\/index.php\/wp-json\/wp\/v2\/pages\/2377"}],"collection":[{"href":"https:\/\/colegioatrio.com.br\/index.php\/wp-json\/wp\/v2\/pages"}],"about":[{"href":"https:\/\/colegioatrio.com.br\/index.php\/wp-json\/wp\/v2\/types\/page"}],"author":[{"embeddable":true,"href":"https:\/\/colegioatrio.com.br\/index.php\/wp-json\/wp\/v2\/users\/123457"}],"replies":[{"embeddable":true,"href":"https:\/\/colegioatrio.com.br\/index.php\/wp-json\/wp\/v2\/comments?post=2377"}],"version-history":[{"count":7,"href":"https:\/\/colegioatrio.com.br\/index.php\/wp-json\/wp\/v2\/pages\/2377\/revisions"}],"predecessor-version":[{"id":2385,"href":"https:\/\/colegioatrio.com.br\/index.php\/wp-json\/wp\/v2\/pages\/2377\/revisions\/2385"}],"wp:attachment":[{"href":"https:\/\/colegioatrio.com.br\/index.php\/wp-json\/wp\/v2\/media?parent=2377"}],"curies":[{"name":"wp","href":"https:\/\/api.w.org\/{rel}","templated":true}]}}