{"id":25,"date":"2023-09-12T16:13:47","date_gmt":"2023-09-12T19:13:47","guid":{"rendered":"https:\/\/atrio.wpldigital.com.br\/?page_id=25"},"modified":"2024-11-28T18:54:05","modified_gmt":"2024-11-28T21:54:05","slug":"espaco-de-aprendizagem","status":"publish","type":"page","link":"https:\/\/colegioatrio.com.br\/index.php\/espaco-de-aprendizagem\/","title":{"rendered":"Espa\u00e7o de aprendizagem"},"content":{"rendered":"\t\t<div data-elementor-type=\"wp-page\" data-elementor-id=\"25\" class=\"elementor elementor-25\" data-elementor-post-type=\"page\">\n\t\t\t\t\t\t\t\t\t<section class=\"elementor-section elementor-top-section elementor-element elementor-element-bcf59eb elementor-section-height-min-height elementor-section-boxed elementor-section-height-default elementor-section-items-middle\" data-id=\"bcf59eb\" data-element_type=\"section\" data-settings=\"{&quot;background_background&quot;:&quot;classic&quot;}\">\n\t\t\t\t\t\t<div class=\"elementor-container elementor-column-gap-default\">\n\t\t\t\t\t<div class=\"elementor-column elementor-col-100 elementor-top-column elementor-element elementor-element-96ea55e\" data-id=\"96ea55e\" data-element_type=\"column\">\n\t\t\t<div class=\"elementor-widget-wrap elementor-element-populated\">\n\t\t\t\t\t\t\t\t<div class=\"elementor-element elementor-element-41b14ad elementor-widget elementor-widget-spacer\" data-id=\"41b14ad\" data-element_type=\"widget\" data-widget_type=\"spacer.default\">\n\t\t\t\t<div class=\"elementor-widget-container\">\n\t\t\t<style>\/*! elementor - v3.16.0 - 20-09-2023 *\/\n.elementor-column .elementor-spacer-inner{height:var(--spacer-size)}.e-con{--container-widget-width:100%}.e-con-inner>.elementor-widget-spacer,.e-con>.elementor-widget-spacer{width:var(--container-widget-width,var(--spacer-size));--align-self:var(--container-widget-align-self,initial);--flex-shrink:0}.e-con-inner>.elementor-widget-spacer>.elementor-widget-container,.e-con>.elementor-widget-spacer>.elementor-widget-container{height:100%;width:100%}.e-con-inner>.elementor-widget-spacer>.elementor-widget-container>.elementor-spacer,.e-con>.elementor-widget-spacer>.elementor-widget-container>.elementor-spacer{height:100%}.e-con-inner>.elementor-widget-spacer>.elementor-widget-container>.elementor-spacer>.elementor-spacer-inner,.e-con>.elementor-widget-spacer>.elementor-widget-container>.elementor-spacer>.elementor-spacer-inner{height:var(--container-widget-height,var(--spacer-size))}.e-con-inner>.elementor-widget-spacer.elementor-widget-empty,.e-con>.elementor-widget-spacer.elementor-widget-empty{position:relative;min-height:22px;min-width:22px}.e-con-inner>.elementor-widget-spacer.elementor-widget-empty .elementor-widget-empty-icon,.e-con>.elementor-widget-spacer.elementor-widget-empty .elementor-widget-empty-icon{position:absolute;top:0;bottom:0;left:0;right:0;margin:auto;padding:0;width:22px;height:22px}<\/style>\t\t<div class=\"elementor-spacer\">\n\t\t\t<div class=\"elementor-spacer-inner\"><\/div>\n\t\t<\/div>\n\t\t\t\t<\/div>\n\t\t\t\t<\/div>\n\t\t\t\t<div class=\"elementor-element elementor-element-0d7d21b elementor-widget elementor-widget-spacer\" data-id=\"0d7d21b\" data-element_type=\"widget\" data-widget_type=\"spacer.default\">\n\t\t\t\t<div class=\"elementor-widget-container\">\n\t\t\t\t\t<div class=\"elementor-spacer\">\n\t\t\t<div class=\"elementor-spacer-inner\"><\/div>\n\t\t<\/div>\n\t\t\t\t<\/div>\n\t\t\t\t<\/div>\n\t\t\t\t<div class=\"elementor-element elementor-element-af1c22d elementor-widget elementor-widget-heading\" data-id=\"af1c22d\" data-element_type=\"widget\" data-widget_type=\"heading.default\">\n\t\t\t\t<div class=\"elementor-widget-container\">\n\t\t\t<style>\/*! elementor - v3.16.0 - 20-09-2023 *\/\n.elementor-heading-title{padding:0;margin:0;line-height:1}.elementor-widget-heading .elementor-heading-title[class*=elementor-size-]>a{color:inherit;font-size:inherit;line-height:inherit}.elementor-widget-heading .elementor-heading-title.elementor-size-small{font-size:15px}.elementor-widget-heading .elementor-heading-title.elementor-size-medium{font-size:19px}.elementor-widget-heading .elementor-heading-title.elementor-size-large{font-size:29px}.elementor-widget-heading .elementor-heading-title.elementor-size-xl{font-size:39px}.elementor-widget-heading .elementor-heading-title.elementor-size-xxl{font-size:59px}<\/style><h2 class=\"elementor-heading-title elementor-size-default\">ESPA\u00c7OS DE <span class=\"cor\">APRENDIZAGEM<\/span><\/h2>\t\t<\/div>\n\t\t\t\t<\/div>\n\t\t\t\t<div class=\"elementor-element elementor-element-8fc8ef9 gallery-spacing-custom elementor-widget elementor-widget-image-gallery\" data-id=\"8fc8ef9\" data-element_type=\"widget\" data-widget_type=\"image-gallery.default\">\n\t\t\t\t<div class=\"elementor-widget-container\">\n\t\t\t<style>\/*! elementor - v3.16.0 - 20-09-2023 *\/\n.elementor-image-gallery .gallery-item{display:inline-block;text-align:center;vertical-align:top;width:100%;max-width:100%;margin:0 auto}.elementor-image-gallery .gallery-item img{margin:0 auto}.elementor-image-gallery .gallery-item .gallery-caption{margin:0}.elementor-image-gallery figure img{display:block}.elementor-image-gallery figure figcaption{width:100%}.gallery-spacing-custom .elementor-image-gallery .gallery-icon{padding:0}@media (min-width:768px){.elementor-image-gallery .gallery-columns-2 .gallery-item{max-width:50%}.elementor-image-gallery .gallery-columns-3 .gallery-item{max-width:33.33%}.elementor-image-gallery .gallery-columns-4 .gallery-item{max-width:25%}.elementor-image-gallery .gallery-columns-5 .gallery-item{max-width:20%}.elementor-image-gallery .gallery-columns-6 .gallery-item{max-width:16.666%}.elementor-image-gallery .gallery-columns-7 .gallery-item{max-width:14.28%}.elementor-image-gallery .gallery-columns-8 .gallery-item{max-width:12.5%}.elementor-image-gallery .gallery-columns-9 .gallery-item{max-width:11.11%}.elementor-image-gallery .gallery-columns-10 .gallery-item{max-width:10%}}@media (min-width:480px) and (max-width:767px){.elementor-image-gallery .gallery.gallery-columns-2 .gallery-item,.elementor-image-gallery .gallery.gallery-columns-3 .gallery-item,.elementor-image-gallery .gallery.gallery-columns-4 .gallery-item,.elementor-image-gallery .gallery.gallery-columns-5 .gallery-item,.elementor-image-gallery .gallery.gallery-columns-6 .gallery-item,.elementor-image-gallery .gallery.gallery-columns-7 .gallery-item,.elementor-image-gallery .gallery.gallery-columns-8 .gallery-item,.elementor-image-gallery .gallery.gallery-columns-9 .gallery-item,.elementor-image-gallery .gallery.gallery-columns-10 .gallery-item{max-width:50%}}@media (max-width:479px){.elementor-image-gallery .gallery.gallery-columns-2 .gallery-item,.elementor-image-gallery .gallery.gallery-columns-3 .gallery-item,.elementor-image-gallery .gallery.gallery-columns-4 .gallery-item,.elementor-image-gallery .gallery.gallery-columns-5 .gallery-item,.elementor-image-gallery .gallery.gallery-columns-6 .gallery-item,.elementor-image-gallery .gallery.gallery-columns-7 .gallery-item,.elementor-image-gallery .gallery.gallery-columns-8 .gallery-item,.elementor-image-gallery .gallery.gallery-columns-9 .gallery-item,.elementor-image-gallery .gallery.gallery-columns-10 .gallery-item{max-width:100%}}<\/style>\t\t<div class=\"elementor-image-gallery\">\n\t\t\t<div id='gallery-1' class='gallery galleryid-25 gallery-columns-3 gallery-size-thumbnail'><figure class='gallery-item'>\n\t\t\t<div class='gallery-icon portrait'>\n\t\t\t\t<a data-elementor-open-lightbox=\"yes\" data-elementor-lightbox-slideshow=\"8fc8ef9\" data-elementor-lightbox-title=\"IMG_4378\" data-e-action-hash=\"#elementor-action%3Aaction%3Dlightbox%26settings%3DeyJpZCI6MjE1NCwidXJsIjoiaHR0cHM6XC9cL2NvbGVnaW9hdHJpby5jb20uYnJcL3dwLWNvbnRlbnRcL3VwbG9hZHNcLzIwMjNcLzExXC9JTUdfNDM3OC5qcGciLCJzbGlkZXNob3ciOiI4ZmM4ZWY5In0%3D\" href='https:\/\/colegioatrio.com.br\/wp-content\/uploads\/2023\/11\/IMG_4378.jpg'><img loading=\"lazy\" decoding=\"async\" width=\"150\" height=\"150\" src=\"https:\/\/colegioatrio.com.br\/wp-content\/uploads\/2023\/11\/IMG_4378-150x150.jpg\" class=\"attachment-thumbnail size-thumbnail\" alt=\"\" aria-describedby=\"gallery-1-2154\" \/><\/a>\n\t\t\t<\/div>\n\t\t\t\t<figcaption class='wp-caption-text gallery-caption' id='gallery-1-2154'>\n\t\t\t\tEspa\u00e7o Expressar\n\t\t\t\t<\/figcaption><\/figure><figure class='gallery-item'>\n\t\t\t<div class='gallery-icon portrait'>\n\t\t\t\t<a data-elementor-open-lightbox=\"yes\" data-elementor-lightbox-slideshow=\"8fc8ef9\" data-elementor-lightbox-title=\"IMG_0547\" data-e-action-hash=\"#elementor-action%3Aaction%3Dlightbox%26settings%3DeyJpZCI6MjE2MSwidXJsIjoiaHR0cHM6XC9cL2NvbGVnaW9hdHJpby5jb20uYnJcL3dwLWNvbnRlbnRcL3VwbG9hZHNcLzIwMjNcLzExXC9JTUdfMDU0Ny1yb3RhdGVkLmpwZyIsInNsaWRlc2hvdyI6IjhmYzhlZjkifQ%3D%3D\" href='https:\/\/colegioatrio.com.br\/wp-content\/uploads\/2023\/11\/IMG_0547-rotated.jpg'><img loading=\"lazy\" decoding=\"async\" width=\"150\" height=\"150\" src=\"https:\/\/colegioatrio.com.br\/wp-content\/uploads\/2023\/11\/IMG_0547-150x150.jpg\" class=\"attachment-thumbnail size-thumbnail\" alt=\"\" aria-describedby=\"gallery-1-2161\" \/><\/a>\n\t\t\t<\/div>\n\t\t\t\t<figcaption class='wp-caption-text gallery-caption' id='gallery-1-2161'>\n\t\t\t\tTistu\n\t\t\t\t<\/figcaption><\/figure><figure class='gallery-item'>\n\t\t\t<div class='gallery-icon landscape'>\n\t\t\t\t<a data-elementor-open-lightbox=\"yes\" data-elementor-lightbox-slideshow=\"8fc8ef9\" data-elementor-lightbox-title=\"Parque\" data-e-action-hash=\"#elementor-action%3Aaction%3Dlightbox%26settings%3DeyJpZCI6NDYxLCJ1cmwiOiJodHRwczpcL1wvY29sZWdpb2F0cmlvLmNvbS5iclwvd3AtY29udGVudFwvdXBsb2Fkc1wvMjAyM1wvMDlcL1BhcnF1ZS5qcGciLCJzbGlkZXNob3ciOiI4ZmM4ZWY5In0%3D\" href='https:\/\/colegioatrio.com.br\/wp-content\/uploads\/2023\/09\/Parque.jpg'><img loading=\"lazy\" decoding=\"async\" width=\"150\" height=\"150\" src=\"https:\/\/colegioatrio.com.br\/wp-content\/uploads\/2023\/09\/Parque-150x150.jpg\" class=\"attachment-thumbnail size-thumbnail\" alt=\"\" aria-describedby=\"gallery-1-461\" \/><\/a>\n\t\t\t<\/div>\n\t\t\t\t<figcaption class='wp-caption-text gallery-caption' id='gallery-1-461'>\n\t\t\t\tEspa\u00e7o Brincar\n\t\t\t\t<\/figcaption><\/figure><figure class='gallery-item'>\n\t\t\t<div class='gallery-icon portrait'>\n\t\t\t\t<a data-elementor-open-lightbox=\"yes\" data-elementor-lightbox-slideshow=\"8fc8ef9\" data-elementor-lightbox-title=\"convivencia-escola-santos\" data-e-action-hash=\"#elementor-action%3Aaction%3Dlightbox%26settings%3DeyJpZCI6MjIxMSwidXJsIjoiaHR0cHM6XC9cL2NvbGVnaW9hdHJpby5jb20uYnJcL3dwLWNvbnRlbnRcL3VwbG9hZHNcLzIwMjNcLzEyXC9jb252aXZlbmNpYS1lc2NvbGEtc2FudG9zLmpwZyIsInNsaWRlc2hvdyI6IjhmYzhlZjkifQ%3D%3D\" href='https:\/\/colegioatrio.com.br\/wp-content\/uploads\/2023\/12\/convivencia-escola-santos.jpg'><img loading=\"lazy\" decoding=\"async\" width=\"150\" height=\"150\" src=\"https:\/\/colegioatrio.com.br\/wp-content\/uploads\/2023\/12\/convivencia-escola-santos-150x150.jpg\" class=\"attachment-thumbnail size-thumbnail\" alt=\"\" aria-describedby=\"gallery-1-2211\" \/><\/a>\n\t\t\t<\/div>\n\t\t\t\t<figcaption class='wp-caption-text gallery-caption' id='gallery-1-2211'>\n\t\t\t\tEspa\u00e7o Conviver\n\t\t\t\t<\/figcaption><\/figure><figure class='gallery-item'>\n\t\t\t<div class='gallery-icon portrait'>\n\t\t\t\t<a data-elementor-open-lightbox=\"yes\" data-elementor-lightbox-slideshow=\"8fc8ef9\" data-elementor-lightbox-title=\"escola-santos-fundamental\" data-e-action-hash=\"#elementor-action%3Aaction%3Dlightbox%26settings%3DeyJpZCI6MjIxNCwidXJsIjoiaHR0cHM6XC9cL2NvbGVnaW9hdHJpby5jb20uYnJcL3dwLWNvbnRlbnRcL3VwbG9hZHNcLzIwMjNcLzEyXC9lc2NvbGEtc2FudG9zLWZ1bmRhbWVudGFsLmpwZyIsInNsaWRlc2hvdyI6IjhmYzhlZjkifQ%3D%3D\" href='https:\/\/colegioatrio.com.br\/wp-content\/uploads\/2023\/12\/escola-santos-fundamental.jpg'><img loading=\"lazy\" decoding=\"async\" width=\"150\" height=\"150\" src=\"https:\/\/colegioatrio.com.br\/wp-content\/uploads\/2023\/12\/escola-santos-fundamental-150x150.jpg\" class=\"attachment-thumbnail size-thumbnail\" alt=\"\" aria-describedby=\"gallery-1-2214\" \/><\/a>\n\t\t\t<\/div>\n\t\t\t\t<figcaption class='wp-caption-text gallery-caption' id='gallery-1-2214'>\n\t\t\t\tSala &#8211; Anos Iniciais\n\t\t\t\t<\/figcaption><\/figure><figure class='gallery-item'>\n\t\t\t<div class='gallery-icon portrait'>\n\t\t\t\t<a data-elementor-open-lightbox=\"yes\" data-elementor-lightbox-slideshow=\"8fc8ef9\" data-elementor-lightbox-title=\"laboratorio-ciencias3\" data-e-action-hash=\"#elementor-action%3Aaction%3Dlightbox%26settings%3DeyJpZCI6MjIxNywidXJsIjoiaHR0cHM6XC9cL2NvbGVnaW9hdHJpby5jb20uYnJcL3dwLWNvbnRlbnRcL3VwbG9hZHNcLzIwMjNcLzEyXC9sYWJvcmF0b3Jpby1jaWVuY2lhczMuanBnIiwic2xpZGVzaG93IjoiOGZjOGVmOSJ9\" href='https:\/\/colegioatrio.com.br\/wp-content\/uploads\/2023\/12\/laboratorio-ciencias3.jpg'><img loading=\"lazy\" decoding=\"async\" width=\"150\" height=\"150\" src=\"https:\/\/colegioatrio.com.br\/wp-content\/uploads\/2023\/12\/laboratorio-ciencias3-150x150.jpg\" class=\"attachment-thumbnail size-thumbnail\" alt=\"\" aria-describedby=\"gallery-1-2217\" \/><\/a>\n\t\t\t<\/div>\n\t\t\t\t<figcaption class='wp-caption-text gallery-caption' id='gallery-1-2217'>\n\t\t\t\tEspa\u00e7o Investigar\n\t\t\t\t<\/figcaption><\/figure><figure class='gallery-item'>\n\t\t\t<div class='gallery-icon portrait'>\n\t\t\t\t<a data-elementor-open-lightbox=\"yes\" data-elementor-lightbox-slideshow=\"8fc8ef9\" data-elementor-lightbox-title=\"xadrez-santos-aula\" data-e-action-hash=\"#elementor-action%3Aaction%3Dlightbox%26settings%3DeyJpZCI6MjIxOCwidXJsIjoiaHR0cHM6XC9cL2NvbGVnaW9hdHJpby5jb20uYnJcL3dwLWNvbnRlbnRcL3VwbG9hZHNcLzIwMjNcLzEyXC94YWRyZXotc2FudG9zLWF1bGEuanBnIiwic2xpZGVzaG93IjoiOGZjOGVmOSJ9\" href='https:\/\/colegioatrio.com.br\/wp-content\/uploads\/2023\/12\/xadrez-santos-aula.jpg'><img loading=\"lazy\" decoding=\"async\" width=\"150\" height=\"150\" src=\"https:\/\/colegioatrio.com.br\/wp-content\/uploads\/2023\/12\/xadrez-santos-aula-150x150.jpg\" class=\"attachment-thumbnail size-thumbnail\" alt=\"\" aria-describedby=\"gallery-1-2218\" \/><\/a>\n\t\t\t<\/div>\n\t\t\t\t<figcaption class='wp-caption-text gallery-caption' id='gallery-1-2218'>\n\t\t\t\tEspa\u00e7o Conectar\n\t\t\t\t<\/figcaption><\/figure><figure class='gallery-item'>\n\t\t\t<div class='gallery-icon portrait'>\n\t\t\t\t<a data-elementor-open-lightbox=\"yes\" data-elementor-lightbox-slideshow=\"8fc8ef9\" data-elementor-lightbox-title=\"biblioteca-colegio-atrio\" data-e-action-hash=\"#elementor-action%3Aaction%3Dlightbox%26settings%3DeyJpZCI6MjIyMywidXJsIjoiaHR0cHM6XC9cL2NvbGVnaW9hdHJpby5jb20uYnJcL3dwLWNvbnRlbnRcL3VwbG9hZHNcLzIwMjNcLzEyXC9iaWJsaW90ZWNhLWNvbGVnaW8tYXRyaW8uanBnIiwic2xpZGVzaG93IjoiOGZjOGVmOSJ9\" href='https:\/\/colegioatrio.com.br\/wp-content\/uploads\/2023\/12\/biblioteca-colegio-atrio.jpg'><img loading=\"lazy\" decoding=\"async\" width=\"150\" height=\"150\" src=\"https:\/\/colegioatrio.com.br\/wp-content\/uploads\/2023\/12\/biblioteca-colegio-atrio-150x150.jpg\" class=\"attachment-thumbnail size-thumbnail\" alt=\"biblioteca colegio atrio\" aria-describedby=\"gallery-1-2223\" \/><\/a>\n\t\t\t<\/div>\n\t\t\t\t<figcaption class='wp-caption-text gallery-caption' id='gallery-1-2223'>\n\t\t\t\tEspa\u00e7o Imaginar\n\t\t\t\t<\/figcaption><\/figure>\n\t\t<\/div>\n\t\t<\/div>\n\t\t\t\t<\/div>\n\t\t\t\t<\/div>\n\t\t\t\t<div class=\"elementor-element elementor-element-f33a4a4 elementor-widget elementor-widget-spacer\" data-id=\"f33a4a4\" data-element_type=\"widget\" data-widget_type=\"spacer.default\">\n\t\t\t\t<div class=\"elementor-widget-container\">\n\t\t\t\t\t<div class=\"elementor-spacer\">\n\t\t\t<div class=\"elementor-spacer-inner\"><\/div>\n\t\t<\/div>\n\t\t\t\t<\/div>\n\t\t\t\t<\/div>\n\t\t\t\t\t<\/div>\n\t\t<\/div>\n\t\t\t\t\t\t\t<\/div>\n\t\t<\/section>\n\t\t\t\t\t\t\t<\/div>\n\t\t","protected":false},"excerpt":{"rendered":"<p>ESPA\u00c7OS DE APRENDIZAGEM Espa\u00e7o Expressar Tistu Espa\u00e7o Brincar Espa\u00e7o Conviver Sala &#8211; Anos Iniciais Espa\u00e7o Investigar Espa\u00e7o Conectar Espa\u00e7o Imaginar<\/p>\n","protected":false},"author":1,"featured_media":0,"parent":0,"menu_order":0,"comment_status":"closed","ping_status":"closed","template":"elementor_header_footer","meta":{"om_disable_all_campaigns":false,"_monsterinsights_skip_tracking":false,"_monsterinsights_sitenote_active":false,"_monsterinsights_sitenote_note":"","_monsterinsights_sitenote_category":0,"_uf_show_specific_survey":0,"_uf_disable_surveys":false,"site-sidebar-layout":"no-sidebar","site-content-layout":"","ast-site-content-layout":"full-width-container","site-content-style":"default","site-sidebar-style":"default","ast-global-header-display":"","ast-banner-title-visibility":"","ast-main-header-display":"","ast-hfb-above-header-display":"","ast-hfb-below-header-display":"","ast-hfb-mobile-header-display":"","site-post-title":"disabled","ast-breadcrumbs-content":"","ast-featured-img":"disabled","footer-sml-layout":"","theme-transparent-header-meta":"","adv-header-id-meta":"","stick-header-meta":"","header-above-stick-meta":"","header-main-stick-meta":"","header-below-stick-meta":"","astra-migrate-meta-layouts":"","footnotes":""},"aioseo_notices":[],"_links":{"self":[{"href":"https:\/\/colegioatrio.com.br\/index.php\/wp-json\/wp\/v2\/pages\/25"}],"collection":[{"href":"https:\/\/colegioatrio.com.br\/index.php\/wp-json\/wp\/v2\/pages"}],"about":[{"href":"https:\/\/colegioatrio.com.br\/index.php\/wp-json\/wp\/v2\/types\/page"}],"author":[{"embeddable":true,"href":"https:\/\/colegioatrio.com.br\/index.php\/wp-json\/wp\/v2\/users\/1"}],"replies":[{"embeddable":true,"href":"https:\/\/colegioatrio.com.br\/index.php\/wp-json\/wp\/v2\/comments?post=25"}],"version-history":[{"count":49,"href":"https:\/\/colegioatrio.com.br\/index.php\/wp-json\/wp\/v2\/pages\/25\/revisions"}],"predecessor-version":[{"id":2833,"href":"https:\/\/colegioatrio.com.br\/index.php\/wp-json\/wp\/v2\/pages\/25\/revisions\/2833"}],"wp:attachment":[{"href":"https:\/\/colegioatrio.com.br\/index.php\/wp-json\/wp\/v2\/media?parent=25"}],"curies":[{"name":"wp","href":"https:\/\/api.w.org\/{rel}","templated":true}]}}